{"id":27221,"date":"2023-06-21T11:34:54","date_gmt":"2023-06-21T09:34:54","guid":{"rendered":"https:\/\/www.tibagroup.com\/fmc-compliance\/"},"modified":"2025-04-09T14:56:43","modified_gmt":"2025-04-09T12:56:43","slug":"fmc-compliance","status":"publish","type":"page","link":"https:\/\/www.tibagroup.com\/pt\/fmc-compliance","title":{"rendered":"Federal Maritime Commision (FMC) Compliance"},"content":{"rendered":"<p><span data-mce-type=\"bookmark\" style=\"display: inline-block; width: 0px; overflow: hidden; line-height: 0;\" class=\"mce_SELRES_start\">\ufeff<\/span>Para os envios de e para os EUA, a TIBA actuar\u00e1 como agente de <a href=\"https:\/\/www.wclshipping.com\" target=\"_blank\" rel=\"noopener\">WCL Shipping Limited<\/a> (NVOCC):<\/p>\n<ul>\n<li><strong>WCL Shipping Limited (HKG)<\/strong>: validade 23\/9\/2024 n\u00famero de organiza\u00e7\u00e3o 026610.43\/F O.T.B. Building 259-265 Des V\u0153ux Road Central, Sheung Wan, HKG.<\/li>\n<li><strong>Nome comercial:<\/strong> World Container Line.<\/li>\n<li><strong>N\u00famero da cau\u00e7o<\/strong>: 612405194 emitido por United States Fire Insurance Company de un importe de Usd 150 000.<\/li>\n<li><strong>Tarifa FMC n\u00ba 002<\/strong> WCL Shipping Limited efectivo 21\/9\/2021.<\/li>\n<li><strong>OTI<\/strong> n\u00ba 028180N Bemel Logistics LLC 21\/9\/2022 (renovado 31\/10\/2025).<\/li>\n<\/ul>\n","protected":false},"excerpt":{"rendered":"<p>\ufeffPara os envios de e para os EUA, a TIBA actuar\u00e1 como agente de WCL Shipping Limited (NVOCC): WCL Shipping Limited (HKG): validade 23\/9\/2024 n\u00famero de organiza\u00e7\u00e3o 026610.43\/F O.T.B. Building 259-265 Des V\u0153ux Road Central, Sheung Wan, HKG. Nome comercial: World Container Line. N\u00famero da cau\u00e7o: 612405194 emitido por United States Fire Insurance Company de [&hellip;]<\/p>\n","protected":false},"author":2,"featured_media":0,"parent":0,"menu_order":0,"comment_status":"closed","ping_status":"closed","template":"","meta":{"footnotes":""},"class_list":["post-27221","page","type-page","status-publish","hentry"],"yoast_head":"<!-- This site is optimized with the Yoast SEO plugin v27.4 - https:\/\/yoast.com\/product\/yoast-seo-wordpress\/ -->\n<title>Federal Maritime Commision (FMC) Compliance | TIBA<\/title>\n<meta name=\"description\" content=\"Temos conformidade com a FMC compliance, que regula o sistema de transporte mar\u00edtimo internacional dos EUA em benef\u00edcio dos exportadores.\" \/>\n<meta name=\"robots\" content=\"index, follow, max-snippet:-1, max-image-preview:large, max-video-preview:-1\" \/>\n<link rel=\"canonical\" href=\"https:\/\/www.tibagroup.com\/pt\/fmc-compliance\" \/>\n<meta property=\"og:locale\" content=\"pt_PT\" \/>\n<meta property=\"og:type\" content=\"article\" \/>\n<meta property=\"og:title\" content=\"Federal Maritime Commision (FMC) Compliance | TIBA\" \/>\n<meta property=\"og:description\" content=\"Temos conformidade com a FMC compliance, que regula o sistema de transporte mar\u00edtimo internacional dos EUA em benef\u00edcio dos exportadores.\" \/>\n<meta property=\"og:url\" content=\"https:\/\/www.tibagroup.com\/pt\/fmc-compliance\" \/>\n<meta property=\"og:site_name\" content=\"TIBA\" \/>\n<meta property=\"article:modified_time\" content=\"2025-04-09T12:56:43+00:00\" \/>\n<meta name=\"twitter:card\" content=\"summary_large_image\" \/>\n<meta name=\"twitter:label1\" content=\"Est. reading time\" \/>\n\t<meta name=\"twitter:data1\" content=\"1 minute\" \/>\n<!-- \/ Yoast SEO plugin. -->","yoast_head_json":{"title":"Federal Maritime Commision (FMC) Compliance | TIBA","description":"Temos conformidade com a FMC compliance, que regula o sistema de transporte mar\u00edtimo internacional dos EUA em benef\u00edcio dos exportadores.","robots":{"index":"index","follow":"follow","max-snippet":"max-snippet:-1","max-image-preview":"max-image-preview:large","max-video-preview":"max-video-preview:-1"},"canonical":"https:\/\/www.tibagroup.com\/pt\/fmc-compliance","og_locale":"pt_PT","og_type":"article","og_title":"Federal Maritime Commision (FMC) Compliance | TIBA","og_description":"Temos conformidade com a FMC compliance, que regula o sistema de transporte mar\u00edtimo internacional dos EUA em benef\u00edcio dos exportadores.","og_url":"https:\/\/www.tibagroup.com\/pt\/fmc-compliance","og_site_name":"TIBA","article_modified_time":"2025-04-09T12:56:43+00:00","twitter_card":"summary_large_image","twitter_misc":{"Est. reading time":"1 minute"},"schema":{"@context":"https:\/\/schema.org","@graph":[{"@type":"WebPage","@id":"https:\/\/www.tibagroup.com\/pt\/fmc-compliance","url":"https:\/\/www.tibagroup.com\/pt\/fmc-compliance","name":"Federal Maritime Commision (FMC) Compliance | TIBA","isPartOf":{"@id":"https:\/\/www.tibagroup.com\/pt#website"},"datePublished":"2023-06-21T09:34:54+00:00","dateModified":"2025-04-09T12:56:43+00:00","description":"Temos conformidade com a FMC compliance, que regula o sistema de transporte mar\u00edtimo internacional dos EUA em benef\u00edcio dos exportadores.","breadcrumb":{"@id":"https:\/\/www.tibagroup.com\/pt\/fmc-compliance#breadcrumb"},"inLanguage":"pt","potentialAction":[{"@type":"ReadAction","target":["https:\/\/www.tibagroup.com\/pt\/fmc-compliance"]}]},{"@type":"BreadcrumbList","@id":"https:\/\/www.tibagroup.com\/pt\/fmc-compliance#breadcrumb","itemListElement":[{"@type":"ListItem","position":1,"name":"In\u00edcio","item":"https:\/\/www.tibagroup.com\/pt\/transitarios-despachantes-aduaneiros-operador-logistico"},{"@type":"ListItem","position":2,"name":"Federal Maritime Commision (FMC) Compliance"}]},{"@type":"WebSite","@id":"https:\/\/www.tibagroup.com\/pt#website","url":"https:\/\/www.tibagroup.com\/pt","name":"TIBA","description":"Log\u00edstica e transporte internacional.","publisher":{"@id":"https:\/\/www.tibagroup.com\/pt#organization"},"potentialAction":[{"@type":"SearchAction","target":{"@type":"EntryPoint","urlTemplate":"https:\/\/www.tibagroup.com\/pt?s={search_term_string}"},"query-input":{"@type":"PropertyValueSpecification","valueRequired":true,"valueName":"search_term_string"}}],"inLanguage":"pt"},{"@type":"Organization","@id":"https:\/\/www.tibagroup.com\/pt#organization","name":"TIBA","url":"https:\/\/www.tibagroup.com\/pt","logo":{"@type":"ImageObject","inLanguage":"pt","@id":"https:\/\/www.tibagroup.com\/pt#\/schema\/logo\/image\/","url":"https:\/\/www.tibagroup.com\/wp-content\/uploads\/2024\/02\/logo-web-TIBA.png","contentUrl":"https:\/\/www.tibagroup.com\/wp-content\/uploads\/2024\/02\/logo-web-TIBA.png","width":352,"height":116,"caption":"TIBA"},"image":{"@id":"https:\/\/www.tibagroup.com\/pt#\/schema\/logo\/image\/"}}]}},"_links":{"self":[{"href":"https:\/\/www.tibagroup.com\/pt\/wp-json\/wp\/v2\/pages\/27221","targetHints":{"allow":["GET"]}}],"collection":[{"href":"https:\/\/www.tibagroup.com\/pt\/wp-json\/wp\/v2\/pages"}],"about":[{"href":"https:\/\/www.tibagroup.com\/pt\/wp-json\/wp\/v2\/types\/page"}],"author":[{"embeddable":true,"href":"https:\/\/www.tibagroup.com\/pt\/wp-json\/wp\/v2\/users\/2"}],"replies":[{"embeddable":true,"href":"https:\/\/www.tibagroup.com\/pt\/wp-json\/wp\/v2\/comments?post=27221"}],"version-history":[{"count":3,"href":"https:\/\/www.tibagroup.com\/pt\/wp-json\/wp\/v2\/pages\/27221\/revisions"}],"predecessor-version":[{"id":71439,"href":"https:\/\/www.tibagroup.com\/pt\/wp-json\/wp\/v2\/pages\/27221\/revisions\/71439"}],"wp:attachment":[{"href":"https:\/\/www.tibagroup.com\/pt\/wp-json\/wp\/v2\/media?parent=27221"}],"curies":[{"name":"wp","href":"https:\/\/api.w.org\/{rel}","templated":true}]}}