{"id":24740,"date":"2018-05-10T07:46:45","date_gmt":"2018-05-10T05:46:45","guid":{"rendered":"https:\/\/www.tibagroup.com\/politica-qualidade\/"},"modified":"2026-05-06T09:21:26","modified_gmt":"2026-05-06T07:21:26","slug":"politica-qualidade","status":"publish","type":"page","link":"https:\/\/www.tibagroup.com\/pt\/politica-qualidade","title":{"rendered":"Pol\u00edtica de qualidade e meio ambiente"},"content":{"rendered":"<section  class='av_textblock_section av-lrajfcqi-bbd41eb8f373dd83db1015deff4175a5 '  ><div class='avia_textblock' ><p><img decoding=\"async\" class=\"alignnone size-full wp-image-24742\" src=\"https:\/\/www.tibagroup.com\/wp-content\/uploads\/2023\/08\/LG_TIBAQuality_2019-1.jpg\" alt=\"TIBA quality\" width=\"1100\" height=\"300\" srcset=\"https:\/\/www.tibagroup.com\/wp-content\/uploads\/2023\/08\/LG_TIBAQuality_2019-1.jpg 1100w, https:\/\/www.tibagroup.com\/wp-content\/uploads\/2023\/08\/LG_TIBAQuality_2019-1-300x82.jpg 300w, https:\/\/www.tibagroup.com\/wp-content\/uploads\/2023\/08\/LG_TIBAQuality_2019-1-1030x281.jpg 1030w, https:\/\/www.tibagroup.com\/wp-content\/uploads\/2023\/08\/LG_TIBAQuality_2019-1-768x209.jpg 768w, https:\/\/www.tibagroup.com\/wp-content\/uploads\/2023\/08\/LG_TIBAQuality_2019-1-705x192.jpg 705w\" sizes=\"(max-width: 1100px) 100vw, 1100px\" \/><\/p>\n<p>Esta pol\u00edtica est\u00e1 a disposi\u00e7\u00e3o do p\u00fablico e partes interessadas:<\/p>\n<ul>\n<li><a href=\"https:\/\/www.tibagroup.com\/wp-content\/uploads\/2026\/01\/Politica-de-Calidad-V12-pt.doc.pdf\" target=\"_blank\" rel=\"noopener\">Pol\u00edtica de Qualidade, Meio Ambiente, Dispositivos M\u00e9dicos e Boas Pr\u00e1ticas de Distribui\u00e7\u00e3o na TIBA SPAIN, S.A.U<\/a>.<\/li>\n<li><a href=\"https:\/\/www.tibagroup.com\/wp-content\/uploads\/2026\/03\/F-TTA-01-Politica-de-Calidad-V1_PORTUGUES_TOTAL-TIBA.pdf\">Pol\u00edtica de Qualidade, Meio Ambiente, Dispositivos M\u00e9dicos e Boas Pr\u00e1ticas de Distribui\u00e7\u00e3o na TOTAL TIBA AIRFREIGHT S.L.<\/a><\/li>\n<li><a href=\"https:\/\/www.tibagroup.com\/wp-content\/uploads\/2026\/01\/PQM-Politica-de-Qualidade-Meio-Ambiente-e-Boas-Praticas-de-Distribuicao-V8.doc.pdf\" target=\"_blank\" rel=\"noopener\">Politica de qualidade, meio ambiente e boas praticas de distribui\u00e7\u00e3o de TIBA Portugal, Lda.<\/a><\/li>\n<li><a href=\"https:\/\/www.tibagroup.com\/wp-content\/uploads\/2025\/05\/Politica-de-Calidad-Chile-v3.pdf\" target=\"_blank\" rel=\"noopener\">Pol\u00edtica de qualidade, seguran\u00e7a e sa\u00fade no trabalho e ambiente no Chile.<\/a><\/li>\n<li><a href=\"https:\/\/www.tibagroup.com\/wp-content\/uploads\/2026\/03\/Politica-integrada-de-qualidade-meio-ambiente-seguranca-e-saude-no-trabalho.-Para-a-Argentina-e-o-Uruguai.pdf\" target=\"_blank\" rel=\"noopener\">Pol\u00edtica de qualidade, seguran\u00e7a e sa\u00fade no trabalho e ambiente na Argentina e Uruguay<\/a>.<\/li>\n<li><a href=\"https:\/\/www.tibagroup.com\/wp-content\/uploads\/2025\/06\/Politica-ambiental-CO-v4.pdf\">Pol\u00edtica de qualidade e meio ambiente da Col\u00f4mbia<\/a> e <a href=\"https:\/\/www.tibagroup.com\/wp-content\/uploads\/2025\/06\/Politica-integral-CO.pdf\">Pol\u00edtica intergal na Col\u00f4mbia<\/a>.<\/li>\n<li><a href=\"https:\/\/www.tibagroup.com\/wp-content\/uploads\/2026\/05\/GR-SGI-02-01-POLITICA-DEL-SGI-CNC.pdf\" target=\"_blank\" rel=\"noopener\">Pol\u00edtica do Sistema de Gest\u00e3o Integrado<\/a> e <a href=\"https:\/\/www.tibagroup.com\/wp-content\/uploads\/2026\/05\/GR-SGI-01-01-ALCANCE-DEL-SGI-CNC.pdf\">Escopo do Sistema de Gest\u00e3o Integrado<\/a> da TIBA M\u00e9xico.<\/li>\n<li><a href=\"https:\/\/www.tibagroup.com\/wp-content\/uploads\/2026\/05\/PO-AD-01-V.03-Politica-de-SGI-Cargo-peru.pdf\" target=\"_blank\" rel=\"noopener\">Pol\u00edtica do Sistema de Gest\u00e3o Integrado de Agenciamento de Carga da <span class=\"hover:entity-accent entity-underline inline cursor-pointer align-baseline\"><span class=\"whitespace-normal\">TIBA Per\u00fa<\/span><\/span><\/a> e <a href=\"https:\/\/www.tibagroup.com\/wp-content\/uploads\/2026\/05\/PO-AD-01-V.01-Politica-de-SGI-Aduanas-peru.pdf\" target=\"_blank\" rel=\"noopener\">Pol\u00edtica do Sistema de Gest\u00e3o Integrado de Agenciamento Aduaneiro da <span class=\"hover:entity-accent entity-underline inline cursor-pointer align-baseline\"><span class=\"whitespace-normal\">TIBA Per\u00fa<\/span><\/span><\/a>.<\/li>\n<\/ul>\n<\/div><\/section>\n<section  class='av_textblock_section av-m0wddmm0-62f1c92ff4419ba550123566766183a4 '  ><div class='avia_textblock' ><h2>COMUNICA\u00c7\u00c3O DE DESEMPENHO AMBIENTAL<\/h2>\n<\/div><\/section>\n<div  class='togglecontainer av-lrakox42-f079bc0ef78ba5e5d8e9cd7d85231a94  avia-builder-el-2  el_after_av_textblock  avia-builder-el-last  toggle_close_all' >\n<section class='av_toggle_section av-lrakofyy-c49e119dd92ed19b55ac850781e8304c' ><div role=\"tablist\" class=\"single_toggle\" data-tags=\"{All} \"  ><p id='toggle-toggle-id-1' data-fake-id='#toggle-id-1' class='toggler  av-title-above '  role='tab' tabindex='0' aria-controls='toggle-id-1' data-slide-speed=\"200\" data-title=\"Espanha\" data-title-open=\"\">Espanha<span class=\"toggle_icon\"><span class=\"vert_icon\"><\/span><span class=\"hor_icon\"><\/span><\/span><\/p><div id='toggle-id-1' aria-labelledby='toggle-toggle-id-1' role='region' class='toggle_wrap  av-title-above'  ><div class='toggle_content invers-color ' ><p>No seu compromisso expresso com o ambiente e o desenvolvimento sustent\u00e1vel, para al\u00e9m do cumprimento da legisla\u00e7\u00e3o atual, as orienta\u00e7\u00f5es fundamentais em que se baseia a sua pol\u00edtica ambiental s\u00e3o:<\/p>\n<ul>\n<li>O compromisso de reduzir e otimizar o consumo dos recursos energ\u00e9ticos e das mat\u00e9rias-primas.<\/li>\n<li>A correta gest\u00e3o dos res\u00edduos gerados pela nossa organiza\u00e7\u00e3o, a fim de minimizar o impacto negativo sobre o ambiente.<\/li>\n<li>A aplica\u00e7\u00e3o de um c\u00f3digo de boas pr\u00e1ticas ambientais pelos nossos colaboradores, que afeta a melhoria do comportamento ambiental da empresa.<\/li>\n<\/ul>\n<h3>Informes de desempenho ambiental<\/h3>\n<ul>\n<li><a href=\"https:\/\/www.tibagroup.com\/wp-content\/uploads\/2024\/01\/Comunicacion-Ambiental-2021.pdf\">Comunica\u00e7ao Ambiental 2021<\/a><\/li>\n<li><a href=\"https:\/\/www.tibagroup.com\/wp-content\/uploads\/2024\/01\/Comunicacion-Ambiental-2022.pdf\">Comunica\u00e7ao Ambiental 2022<\/a><\/li>\n<li><a href=\"https:\/\/www.tibagroup.com\/wp-content\/uploads\/2024\/01\/Comunicacion-Ambiental-2023.pdf\">Comunica\u00e7ao Ambiental 2023<\/a><\/li>\n<li><a href=\"https:\/\/www.tibagroup.com\/wp-content\/uploads\/2024\/06\/Comunicacion-Ambiental-2024.pdf\" target=\"_blank\" rel=\"noopener\">Comunica\u00e7ao Ambiental 2024<\/a><\/li>\n<li><a href=\"https:\/\/www.tibagroup.com\/wp-content\/uploads\/2025\/05\/Comunicacion-Ambiental-2025.pdf\">Comunica\u00e7ao Ambiental 2025<\/a><\/li>\n<li><a href=\"https:\/\/www.tibagroup.com\/wp-content\/uploads\/2026\/04\/Comunicacion-Ambiental-TIBA-SPAIN-2026.pdf\">Comunica\u00e7ao Ambiental 2026<\/a><\/li>\n<\/ul>\n<\/div><\/div><\/div><\/section>\n<section class='av_toggle_section av-lrakow8z-9c70758d0c489a7bac30fa5792d41db3' ><div role=\"tablist\" class=\"single_toggle\" data-tags=\"{All} \"  ><p id='toggle-toggle-id-2' data-fake-id='#toggle-id-2' class='toggler  av-title-above '  role='tab' tabindex='0' aria-controls='toggle-id-2' data-slide-speed=\"200\" data-title=\"Portugal\" data-title-open=\"\">Portugal<span class=\"toggle_icon\"><span class=\"vert_icon\"><\/span><span class=\"hor_icon\"><\/span><\/span><\/p><div id='toggle-id-2' aria-labelledby='toggle-toggle-id-2' role='region' class='toggle_wrap  av-title-above'  ><div class='toggle_content invers-color ' ><p>No seu compromisso expresso com o ambiente e o desenvolvimento sustent\u00e1vel, para al\u00e9m do cumprimento da legisla\u00e7\u00e3o atual, as orienta\u00e7\u00f5es fundamentais em que se baseia a sua pol\u00edtica ambiental s\u00e3o:<\/p>\n<ul>\n<li>O compromisso de reduzir e otimizar o consumo dos recursos energ\u00e9ticos e das mat\u00e9rias-primas.<\/li>\n<li>A correta gest\u00e3o dos res\u00edduos gerados pela nossa organiza\u00e7\u00e3o, a fim de minimizar o impacto negativo sobre o ambiente.<\/li>\n<li>A aplica\u00e7\u00e3o de um c\u00f3digo de boas pr\u00e1ticas ambientais pelos nossos colaboradores, que afeta a melhoria do comportamento ambiental da empresa.<\/li>\n<\/ul>\n<h3>Informes de desempenho ambiental<\/h3>\n<ul>\n<li><a href=\"https:\/\/www.tibagroup.com\/wp-content\/uploads\/2024\/04\/Cominicacao-do-desempenho-ambiental-2020_2021.pdf\" target=\"_blank\" rel=\"noopener\">Comunica\u00e7ao ambiental 2020 &#8211; 2021<\/a><\/li>\n<li><a href=\"https:\/\/www.tibagroup.com\/wp-content\/uploads\/2024\/04\/Cominicacao-do-desempenho-ambiental-2021-2022.pdf\" target=\"_blank\" rel=\"noopener\">Comunica\u00e7ao ambiental 2021 &#8211; 2022<\/a><\/li>\n<li><a href=\"https:\/\/www.tibagroup.com\/wp-content\/uploads\/2024\/04\/Comunicacao-do-desempenho-ambiental-2022_-2023.pdf\" target=\"_blank\" rel=\"noopener\">Comunica\u00e7ao ambiental 2023 &#8211; 2024<\/a><\/li>\n<li><a href=\"https:\/\/www.tibagroup.com\/wp-content\/uploads\/2025\/02\/Cominicacao-do-desempenho-ambiental-2024_2025.pdf\" target=\"_blank\" rel=\"noopener\">Comunica\u00e7ao ambiental 2024 &#8211; 2025<\/a><\/li>\n<li><a href=\"https:\/\/www.tibagroup.com\/wp-content\/uploads\/2026\/01\/COMUNICACAO-DO-DESEMPENHO-AMBIENTAL-2025-Objetivos-2026.pdf\" target=\"_blank\" rel=\"noopener\">Comunica\u00e7ao ambiental 2025 &#8211; 2026<\/a><\/li>\n<\/ul>\n<h3>Informes de desempenho ambiental divis\u00e3o de armaz\u00e9ns<\/h3>\n<ul>\n<li><a href=\"\/wp-content\/uploads\/2025\/01\/Comunicacao-do-desempenho-ambiental-divisao-armazens-2024.pdf\" target=\"_blank\" rel=\"noopener\">Comunicaci\u00f3n ambiental 2024<\/a><\/li>\n<\/ul>\n<\/div><\/div><\/div><\/section>\n<\/div>\n","protected":false},"excerpt":{"rendered":"","protected":false},"author":2,"featured_media":24741,"parent":0,"menu_order":0,"comment_status":"closed","ping_status":"closed","template":"","meta":{"footnotes":""},"class_list":["post-24740","page","type-page","status-publish","has-post-thumbnail","hentry"],"yoast_head":"<!-- This site is optimized with the Yoast SEO plugin v27.5 - https:\/\/yoast.com\/product\/yoast-seo-wordpress\/ -->\n<title>Pol\u00edtica de qualidade e meio ambiente - TIBA<\/title>\n<meta name=\"description\" content=\"Oferecemos servi\u00e7os log\u00edsticos, aduaneiros e de carga com um firme compromisso com a qualidade, o meio ambiente e a seguran\u00e7a.\" \/>\n<meta name=\"robots\" content=\"index, follow, max-snippet:-1, max-image-preview:large, max-video-preview:-1\" \/>\n<link rel=\"canonical\" href=\"https:\/\/www.tibagroup.com\/pt\/politica-qualidade\" \/>\n<meta property=\"og:locale\" content=\"pt_PT\" \/>\n<meta property=\"og:type\" content=\"article\" \/>\n<meta property=\"og:title\" content=\"Pol\u00edtica de qualidade e meio ambiente - TIBA\" \/>\n<meta property=\"og:description\" content=\"Oferecemos servi\u00e7os log\u00edsticos, aduaneiros e de carga com um firme compromisso com a qualidade, o meio ambiente e a seguran\u00e7a.\" \/>\n<meta property=\"og:url\" content=\"https:\/\/www.tibagroup.com\/pt\/politica-qualidade\" \/>\n<meta property=\"og:site_name\" content=\"TIBA\" \/>\n<meta property=\"article:modified_time\" content=\"2026-05-06T07:21:26+00:00\" \/>\n<meta property=\"og:image\" content=\"https:\/\/www.tibagroup.com\/wp-content\/uploads\/2023\/08\/LG_TIBAQuality_2019-1.jpg\" \/>\n\t<meta property=\"og:image:width\" content=\"1100\" \/>\n\t<meta property=\"og:image:height\" content=\"300\" \/>\n\t<meta property=\"og:image:type\" content=\"image\/jpeg\" \/>\n<meta name=\"twitter:card\" content=\"summary_large_image\" \/>\n<meta name=\"twitter:label1\" content=\"Est. reading time\" \/>\n\t<meta name=\"twitter:data1\" content=\"2 minutes\" \/>\n<!-- \/ Yoast SEO plugin. -->","yoast_head_json":{"title":"Pol\u00edtica de qualidade e meio ambiente - TIBA","description":"Oferecemos servi\u00e7os log\u00edsticos, aduaneiros e de carga com um firme compromisso com a qualidade, o meio ambiente e a seguran\u00e7a.","robots":{"index":"index","follow":"follow","max-snippet":"max-snippet:-1","max-image-preview":"max-image-preview:large","max-video-preview":"max-video-preview:-1"},"canonical":"https:\/\/www.tibagroup.com\/pt\/politica-qualidade","og_locale":"pt_PT","og_type":"article","og_title":"Pol\u00edtica de qualidade e meio ambiente - TIBA","og_description":"Oferecemos servi\u00e7os log\u00edsticos, aduaneiros e de carga com um firme compromisso com a qualidade, o meio ambiente e a seguran\u00e7a.","og_url":"https:\/\/www.tibagroup.com\/pt\/politica-qualidade","og_site_name":"TIBA","article_modified_time":"2026-05-06T07:21:26+00:00","og_image":[{"width":1100,"height":300,"url":"https:\/\/www.tibagroup.com\/wp-content\/uploads\/2023\/08\/LG_TIBAQuality_2019-1.jpg","type":"image\/jpeg"}],"twitter_card":"summary_large_image","twitter_misc":{"Est. reading time":"2 minutes"},"schema":{"@context":"https:\/\/schema.org","@graph":[{"@type":"WebPage","@id":"https:\/\/www.tibagroup.com\/pt\/politica-qualidade","url":"https:\/\/www.tibagroup.com\/pt\/politica-qualidade","name":"Pol\u00edtica de qualidade e meio ambiente - TIBA","isPartOf":{"@id":"https:\/\/www.tibagroup.com\/pt#website"},"primaryImageOfPage":{"@id":"https:\/\/www.tibagroup.com\/pt\/politica-qualidade#primaryimage"},"image":{"@id":"https:\/\/www.tibagroup.com\/pt\/politica-qualidade#primaryimage"},"thumbnailUrl":"https:\/\/www.tibagroup.com\/wp-content\/uploads\/2023\/08\/LG_TIBAQuality_2019-1.jpg","datePublished":"2018-05-10T05:46:45+00:00","dateModified":"2026-05-06T07:21:26+00:00","description":"Oferecemos servi\u00e7os log\u00edsticos, aduaneiros e de carga com um firme compromisso com a qualidade, o meio ambiente e a seguran\u00e7a.","breadcrumb":{"@id":"https:\/\/www.tibagroup.com\/pt\/politica-qualidade#breadcrumb"},"inLanguage":"pt","potentialAction":[{"@type":"ReadAction","target":["https:\/\/www.tibagroup.com\/pt\/politica-qualidade"]}]},{"@type":"ImageObject","inLanguage":"pt","@id":"https:\/\/www.tibagroup.com\/pt\/politica-qualidade#primaryimage","url":"https:\/\/www.tibagroup.com\/wp-content\/uploads\/2023\/08\/LG_TIBAQuality_2019-1.jpg","contentUrl":"https:\/\/www.tibagroup.com\/wp-content\/uploads\/2023\/08\/LG_TIBAQuality_2019-1.jpg","width":1100,"height":300,"caption":"TIBA quality"},{"@type":"BreadcrumbList","@id":"https:\/\/www.tibagroup.com\/pt\/politica-qualidade#breadcrumb","itemListElement":[{"@type":"ListItem","position":1,"name":"In\u00edcio","item":"https:\/\/www.tibagroup.com\/pt\/transitarios-despachantes-aduaneiros-operador-logistico"},{"@type":"ListItem","position":2,"name":"Pol\u00edtica de qualidade e meio ambiente"}]},{"@type":"WebSite","@id":"https:\/\/www.tibagroup.com\/pt#website","url":"https:\/\/www.tibagroup.com\/pt","name":"TIBA","description":"Log\u00edstica e transporte internacional.","publisher":{"@id":"https:\/\/www.tibagroup.com\/pt#organization"},"potentialAction":[{"@type":"SearchAction","target":{"@type":"EntryPoint","urlTemplate":"https:\/\/www.tibagroup.com\/pt?s={search_term_string}"},"query-input":{"@type":"PropertyValueSpecification","valueRequired":true,"valueName":"search_term_string"}}],"inLanguage":"pt"},{"@type":"Organization","@id":"https:\/\/www.tibagroup.com\/pt#organization","name":"TIBA","url":"https:\/\/www.tibagroup.com\/pt","logo":{"@type":"ImageObject","inLanguage":"pt","@id":"https:\/\/www.tibagroup.com\/pt#\/schema\/logo\/image\/","url":"https:\/\/www.tibagroup.com\/wp-content\/uploads\/2024\/02\/logo-web-TIBA.png","contentUrl":"https:\/\/www.tibagroup.com\/wp-content\/uploads\/2024\/02\/logo-web-TIBA.png","width":352,"height":116,"caption":"TIBA"},"image":{"@id":"https:\/\/www.tibagroup.com\/pt#\/schema\/logo\/image\/"}}]}},"_links":{"self":[{"href":"https:\/\/www.tibagroup.com\/pt\/wp-json\/wp\/v2\/pages\/24740","targetHints":{"allow":["GET"]}}],"collection":[{"href":"https:\/\/www.tibagroup.com\/pt\/wp-json\/wp\/v2\/pages"}],"about":[{"href":"https:\/\/www.tibagroup.com\/pt\/wp-json\/wp\/v2\/types\/page"}],"author":[{"embeddable":true,"href":"https:\/\/www.tibagroup.com\/pt\/wp-json\/wp\/v2\/users\/2"}],"replies":[{"embeddable":true,"href":"https:\/\/www.tibagroup.com\/pt\/wp-json\/wp\/v2\/comments?post=24740"}],"version-history":[{"count":36,"href":"https:\/\/www.tibagroup.com\/pt\/wp-json\/wp\/v2\/pages\/24740\/revisions"}],"predecessor-version":[{"id":79047,"href":"https:\/\/www.tibagroup.com\/pt\/wp-json\/wp\/v2\/pages\/24740\/revisions\/79047"}],"wp:featuredmedia":[{"embeddable":true,"href":"https:\/\/www.tibagroup.com\/pt\/wp-json\/wp\/v2\/media\/24741"}],"wp:attachment":[{"href":"https:\/\/www.tibagroup.com\/pt\/wp-json\/wp\/v2\/media?parent=24740"}],"curies":[{"name":"wp","href":"https:\/\/api.w.org\/{rel}","templated":true}]}}