{"id":22736,"date":"2023-06-21T11:34:02","date_gmt":"2023-06-21T09:34:02","guid":{"rendered":"https:\/\/www.tibagroup.com\/politica-de-privacidade-formulario-blog\/"},"modified":"2025-03-26T11:54:12","modified_gmt":"2025-03-26T10:54:12","slug":"politica-de-privacidade-formulario-blog","status":"publish","type":"page","link":"https:\/\/www.tibagroup.com\/pt\/politica-de-privacidade-formulario-blog","title":{"rendered":"Pol\u00edtica de Privacidade Formul\u00e1rio Blog"},"content":{"rendered":"<h2>BLOG FORMUL\u00c1RIO<\/h2>\n<p>Os seus dados ser\u00e3o tratados \u200b\u200bpor TIBA, S.L. para gerir a sua d\u00favida, pergunta ou coment\u00e1rio realizado no blog. Os seus dados s\u00e3o tratados com base no consentimento dado mediante o envio de dito formul\u00e1rio. Os seus dados podem ser transferidos ou comunicados \u00e0s empresas do grupo para gerir a sua solicita\u00e7\u00e3o, bem como nos casos previstos na legisla\u00e7\u00e3o vigente. Os usu\u00e1rios cujos dados s\u00e3o tratados \u200b\u200bpodem exercer livremente os seus direitos de acesso \u00e0 informa\u00e7\u00e3o, rectifica\u00e7\u00e3o, portabilidade, apagamento de dados, limita\u00e7\u00e3o ou, eventualmente, a oposi\u00e7\u00e3o, nos termos previstos no Regulamento Geral para a Protec\u00e7\u00e3o de Dados Pessoais, de acordo com o procedimento legalmente estabelecido. Estes direitos podem ser exercidos por escrito, devidamente assinados, acompanhados da c\u00f3pia do bilhete de identidade, para TIBA, S.L., com sede em Rua Jos\u00e9 Aguirre, N\u00ba 40Valencia (46011) ou para o nosso Encarregado de Protec\u00e7\u00e3o de Dados (<span id=\"eeb-742324\"><a class=\"mailto-link\" href=\"mailto:dpo@tibagroup.com\" target=\"_blank\" rel=\"noopener\">dpo@tibagroup.com<\/a><\/span>). Os dados dos utilizadores cujos dados s\u00e3o processados \u200b\u200bpodem ser mantidos enquanto n\u00e3o for exercido o direito de apagamento de dados ou oposi\u00e7\u00e3o. Al\u00e9m disso, se considerar violado o seu direito \u00e0 protec\u00e7\u00e3o de dados pessoais, pode registrar uma reclama\u00e7\u00e3o na Comiss\u00e3o Nacional de Protec\u00e7\u00e3o de Dados (<a href=\"http:\/\/www.cnpd.pt\" target=\"_blank\" rel=\"noopener noreferrer nofollow\">www.cnpd.pt<\/a>)<\/p>\n","protected":false},"excerpt":{"rendered":"<p>BLOG FORMUL\u00c1RIO Os seus dados ser\u00e3o tratados \u200b\u200bpor TIBA, S.L. para gerir a sua d\u00favida, pergunta ou coment\u00e1rio realizado no blog. Os seus dados s\u00e3o tratados com base no consentimento dado mediante o envio de dito formul\u00e1rio. Os seus dados podem ser transferidos ou comunicados \u00e0s empresas do grupo para gerir a sua solicita\u00e7\u00e3o, bem [&hellip;]<\/p>\n","protected":false},"author":2,"featured_media":0,"parent":0,"menu_order":0,"comment_status":"closed","ping_status":"closed","template":"","meta":{"footnotes":""},"class_list":["post-22736","page","type-page","status-publish","hentry"],"yoast_head":"<!-- This site is optimized with the Yoast SEO plugin v27.5 - https:\/\/yoast.com\/product\/yoast-seo-wordpress\/ -->\n<title>Pol\u00edtica de Privacidade Formul\u00e1rio Blog - TIBA<\/title>\n<meta name=\"description\" content=\"Envie sua consulta atrav\u00e9s do formul\u00e1rio do blog. A TIBA, S.L. ir\u00e1 tratar seus dados com base no consentimento e conforme a legisla\u00e7\u00e3o.\" \/>\n<meta name=\"robots\" content=\"noindex, nofollow\" \/>\n<meta property=\"og:locale\" content=\"pt_PT\" \/>\n<meta property=\"og:type\" content=\"article\" \/>\n<meta property=\"og:title\" content=\"Pol\u00edtica de Privacidade Formul\u00e1rio Blog - TIBA\" \/>\n<meta property=\"og:description\" content=\"Envie sua consulta atrav\u00e9s do formul\u00e1rio do blog. A TIBA, S.L. ir\u00e1 tratar seus dados com base no consentimento e conforme a legisla\u00e7\u00e3o.\" \/>\n<meta property=\"og:url\" content=\"https:\/\/www.tibagroup.com\/pt\/politica-de-privacidade-formulario-blog\" \/>\n<meta property=\"og:site_name\" content=\"TIBA\" \/>\n<meta property=\"article:modified_time\" content=\"2025-03-26T10:54:12+00:00\" \/>\n<meta name=\"twitter:card\" content=\"summary_large_image\" \/>\n<meta name=\"twitter:label1\" content=\"Est. reading time\" \/>\n\t<meta name=\"twitter:data1\" content=\"1 minute\" \/>\n<!-- \/ Yoast SEO plugin. -->","yoast_head_json":{"title":"Pol\u00edtica de Privacidade Formul\u00e1rio Blog - TIBA","description":"Envie sua consulta atrav\u00e9s do formul\u00e1rio do blog. A TIBA, S.L. ir\u00e1 tratar seus dados com base no consentimento e conforme a legisla\u00e7\u00e3o.","robots":{"index":"noindex","follow":"nofollow"},"og_locale":"pt_PT","og_type":"article","og_title":"Pol\u00edtica de Privacidade Formul\u00e1rio Blog - TIBA","og_description":"Envie sua consulta atrav\u00e9s do formul\u00e1rio do blog. A TIBA, S.L. ir\u00e1 tratar seus dados com base no consentimento e conforme a legisla\u00e7\u00e3o.","og_url":"https:\/\/www.tibagroup.com\/pt\/politica-de-privacidade-formulario-blog","og_site_name":"TIBA","article_modified_time":"2025-03-26T10:54:12+00:00","twitter_card":"summary_large_image","twitter_misc":{"Est. reading time":"1 minute"},"schema":{"@context":"https:\/\/schema.org","@graph":[{"@type":"WebPage","@id":"https:\/\/www.tibagroup.com\/pt\/politica-de-privacidade-formulario-blog","url":"https:\/\/www.tibagroup.com\/pt\/politica-de-privacidade-formulario-blog","name":"Pol\u00edtica de Privacidade Formul\u00e1rio Blog - TIBA","isPartOf":{"@id":"https:\/\/www.tibagroup.com\/pt#website"},"datePublished":"2023-06-21T09:34:02+00:00","dateModified":"2025-03-26T10:54:12+00:00","description":"Envie sua consulta atrav\u00e9s do formul\u00e1rio do blog. A TIBA, S.L. ir\u00e1 tratar seus dados com base no consentimento e conforme a legisla\u00e7\u00e3o.","breadcrumb":{"@id":"https:\/\/www.tibagroup.com\/pt\/politica-de-privacidade-formulario-blog#breadcrumb"},"inLanguage":"pt","potentialAction":[{"@type":"ReadAction","target":["https:\/\/www.tibagroup.com\/pt\/politica-de-privacidade-formulario-blog"]}]},{"@type":"BreadcrumbList","@id":"https:\/\/www.tibagroup.com\/pt\/politica-de-privacidade-formulario-blog#breadcrumb","itemListElement":[{"@type":"ListItem","position":1,"name":"In\u00edcio","item":"https:\/\/www.tibagroup.com\/pt\/transitarios-despachantes-aduaneiros-operador-logistico"},{"@type":"ListItem","position":2,"name":"Pol\u00edtica de Privacidade Formul\u00e1rio Blog"}]},{"@type":"WebSite","@id":"https:\/\/www.tibagroup.com\/pt#website","url":"https:\/\/www.tibagroup.com\/pt","name":"TIBA","description":"Log\u00edstica e transporte internacional.","publisher":{"@id":"https:\/\/www.tibagroup.com\/pt#organization"},"potentialAction":[{"@type":"SearchAction","target":{"@type":"EntryPoint","urlTemplate":"https:\/\/www.tibagroup.com\/pt?s={search_term_string}"},"query-input":{"@type":"PropertyValueSpecification","valueRequired":true,"valueName":"search_term_string"}}],"inLanguage":"pt"},{"@type":"Organization","@id":"https:\/\/www.tibagroup.com\/pt#organization","name":"TIBA","url":"https:\/\/www.tibagroup.com\/pt","logo":{"@type":"ImageObject","inLanguage":"pt","@id":"https:\/\/www.tibagroup.com\/pt#\/schema\/logo\/image\/","url":"https:\/\/www.tibagroup.com\/wp-content\/uploads\/2024\/02\/logo-web-TIBA.png","contentUrl":"https:\/\/www.tibagroup.com\/wp-content\/uploads\/2024\/02\/logo-web-TIBA.png","width":352,"height":116,"caption":"TIBA"},"image":{"@id":"https:\/\/www.tibagroup.com\/pt#\/schema\/logo\/image\/"}}]}},"_links":{"self":[{"href":"https:\/\/www.tibagroup.com\/pt\/wp-json\/wp\/v2\/pages\/22736","targetHints":{"allow":["GET"]}}],"collection":[{"href":"https:\/\/www.tibagroup.com\/pt\/wp-json\/wp\/v2\/pages"}],"about":[{"href":"https:\/\/www.tibagroup.com\/pt\/wp-json\/wp\/v2\/types\/page"}],"author":[{"embeddable":true,"href":"https:\/\/www.tibagroup.com\/pt\/wp-json\/wp\/v2\/users\/2"}],"replies":[{"embeddable":true,"href":"https:\/\/www.tibagroup.com\/pt\/wp-json\/wp\/v2\/comments?post=22736"}],"version-history":[{"count":2,"href":"https:\/\/www.tibagroup.com\/pt\/wp-json\/wp\/v2\/pages\/22736\/revisions"}],"predecessor-version":[{"id":70725,"href":"https:\/\/www.tibagroup.com\/pt\/wp-json\/wp\/v2\/pages\/22736\/revisions\/70725"}],"wp:attachment":[{"href":"https:\/\/www.tibagroup.com\/pt\/wp-json\/wp\/v2\/media?parent=22736"}],"curies":[{"name":"wp","href":"https:\/\/api.w.org\/{rel}","templated":true}]}}