{"id":22735,"date":"2023-06-21T11:34:02","date_gmt":"2023-06-21T09:34:02","guid":{"rendered":"https:\/\/www.tibagroup.com\/politica-privacidade-formulario-contato-e-orcamentos\/"},"modified":"2023-12-05T12:15:20","modified_gmt":"2023-12-05T11:15:20","slug":"politica-privacidade-formulario-contato-e-orcamentos","status":"publish","type":"page","link":"https:\/\/www.tibagroup.com\/pt\/politica-privacidade-formulario-contato-e-orcamentos","title":{"rendered":"Pol\u00edtica Privacidade Formulario Contato e Or\u00e7amentos"},"content":{"rendered":"<h2>Formulario Contato e Or\u00e7amentos<\/h2>\n<p>Os seus dados ser\u00e3o tratados por TIBA, S.L. para gerir a sua d\u00favida, quest\u00e3o ou solicita\u00e7\u00e3o de or\u00e7amento e para poder enviar informa\u00e7\u00f5es de interesse por meio de comunica\u00e7\u00f5es comerciais. Os seus dados s\u00e3o tratados com base no consentimento dado mediante o envio deste formul\u00e1rio. Os seus dados podem ser comunicados a uma empresa situada fora do \u00e2mbito da Uni\u00e3o Europeia, para armazenar esses dados, caso em que ser\u00e3o sujeitos a uma transfer\u00eancia internacional de dados para um pa\u00eds cujo n\u00edvel de prote\u00e7\u00e3o \u00e9 poss\u00edvel que n\u00e3o seja compar\u00e1vel ao \u00e2mbito da Uni\u00e3o Europeia. Al\u00e9m disso, estes podem ser transferidos para outras empresas do grupo Romeu para gerir a sua solicita\u00e7\u00e3o e, periodicamente, enviar-lhe informa\u00e7\u00f5es do seu interesse por meio de comunica\u00e7\u00f5es comerciais eletr\u00f3nicas, sempre que seja autorizado, seleccionando a op\u00e7\u00e3o estabelecida para esse efeito.<\/p>\n<p>Os utilizadores cujos dados est\u00e3o sujeitos a tratamento podem exercer os seus direitos de acesso e informa\u00e7\u00e3o, retifica\u00e7\u00e3o, portabilidade, apagamento de dados, limita\u00e7\u00e3o ou, quando apropriado, oposi\u00e7\u00e3o, nos termos especificados no Regulamento Geral de Protec\u00e7\u00e3o de Dados Pessoais, de acordo com o procedimento legalmente estabelecido. Estes direitos podem ser exercidos atrav\u00e9s de comunica\u00e7\u00e3o escrita, devidamente assinada, acompanhada por uma c\u00f3pia do BI, para TIBA, S.L., com sede Rua Jos\u00e9 Aguirre, N\u00ba 40 Valencia (46011). Em caso de d\u00favida sobre a Pol\u00edtica de Privacidade, entre em contato com nosso Delegado de Prote\u00e7\u00e3o de Dados enviando um email para <span id=\"eeb-795903\"><a class=\"mailto-link\" href=\"mailto:dpo@tibagroup.com\" target=\"_blank\" rel=\"noopener noreferrer\">dpo@tibagroup.com<\/a><\/span>. Os dados dos utilizadores cujos dados s\u00e3o tratados podem ser preservados enquanto n\u00e3o seja exercido o direito de apagamento ou oposi\u00e7\u00e3o. Al\u00e9m disso, no caso de viola\u00e7\u00e3o do seu direito \u00e0 prote\u00e7\u00e3o de dados pessoais, poder\u00e1 registrar uma queixa junto da Comiss\u00e3o Nacional de Protec\u00e7\u00e3o de Dados (<a href=\"http:\/\/www.cnpd.pt\" target=\"_blank\" rel=\"noopener noreferrer nofollow\">www.cnpd.pt<\/a>).<\/p>\n","protected":false},"excerpt":{"rendered":"<p>Formulario Contato e Or\u00e7amentos Os seus dados ser\u00e3o tratados por TIBA, S.L. para gerir a sua d\u00favida, quest\u00e3o ou solicita\u00e7\u00e3o de or\u00e7amento e para poder enviar informa\u00e7\u00f5es de interesse por meio de comunica\u00e7\u00f5es comerciais. Os seus dados s\u00e3o tratados com base no consentimento dado mediante o envio deste formul\u00e1rio. Os seus dados podem ser comunicados [&hellip;]<\/p>\n","protected":false},"author":2,"featured_media":0,"parent":0,"menu_order":0,"comment_status":"closed","ping_status":"closed","template":"","meta":{"footnotes":""},"class_list":["post-22735","page","type-page","status-publish","hentry"],"yoast_head":"<!-- This site is optimized with the Yoast SEO plugin v27.5 - https:\/\/yoast.com\/product\/yoast-seo-wordpress\/ -->\n<title>Pol\u00edtica Privacidade Formulario Contato e Or\u00e7amentos - TIBA<\/title>\n<meta name=\"robots\" content=\"noindex, nofollow\" \/>\n<meta property=\"og:locale\" content=\"pt_PT\" \/>\n<meta property=\"og:type\" content=\"article\" \/>\n<meta property=\"og:title\" content=\"Pol\u00edtica Privacidade Formulario Contato e Or\u00e7amentos - TIBA\" \/>\n<meta property=\"og:description\" content=\"Formulario Contato e Or\u00e7amentos Os seus dados ser\u00e3o tratados por TIBA, S.L. para gerir a sua d\u00favida, quest\u00e3o ou solicita\u00e7\u00e3o de or\u00e7amento e para poder enviar informa\u00e7\u00f5es de interesse por meio de comunica\u00e7\u00f5es comerciais. Os seus dados s\u00e3o tratados com base no consentimento dado mediante o envio deste formul\u00e1rio. Os seus dados podem ser comunicados [&hellip;]\" \/>\n<meta property=\"og:url\" content=\"https:\/\/www.tibagroup.com\/pt\/politica-privacidade-formulario-contato-e-orcamentos\" \/>\n<meta property=\"og:site_name\" content=\"TIBA\" \/>\n<meta property=\"article:modified_time\" content=\"2023-12-05T11:15:20+00:00\" \/>\n<meta name=\"twitter:card\" content=\"summary_large_image\" \/>\n<meta name=\"twitter:label1\" content=\"Est. reading time\" \/>\n\t<meta name=\"twitter:data1\" content=\"2 minutes\" \/>\n<!-- \/ Yoast SEO plugin. -->","yoast_head_json":{"title":"Pol\u00edtica Privacidade Formulario Contato e Or\u00e7amentos - TIBA","robots":{"index":"noindex","follow":"nofollow"},"og_locale":"pt_PT","og_type":"article","og_title":"Pol\u00edtica Privacidade Formulario Contato e Or\u00e7amentos - TIBA","og_description":"Formulario Contato e Or\u00e7amentos Os seus dados ser\u00e3o tratados por TIBA, S.L. para gerir a sua d\u00favida, quest\u00e3o ou solicita\u00e7\u00e3o de or\u00e7amento e para poder enviar informa\u00e7\u00f5es de interesse por meio de comunica\u00e7\u00f5es comerciais. Os seus dados s\u00e3o tratados com base no consentimento dado mediante o envio deste formul\u00e1rio. Os seus dados podem ser comunicados [&hellip;]","og_url":"https:\/\/www.tibagroup.com\/pt\/politica-privacidade-formulario-contato-e-orcamentos","og_site_name":"TIBA","article_modified_time":"2023-12-05T11:15:20+00:00","twitter_card":"summary_large_image","twitter_misc":{"Est. reading time":"2 minutes"},"schema":{"@context":"https:\/\/schema.org","@graph":[{"@type":"WebPage","@id":"https:\/\/www.tibagroup.com\/pt\/politica-privacidade-formulario-contato-e-orcamentos","url":"https:\/\/www.tibagroup.com\/pt\/politica-privacidade-formulario-contato-e-orcamentos","name":"Pol\u00edtica Privacidade Formulario Contato e Or\u00e7amentos - TIBA","isPartOf":{"@id":"https:\/\/www.tibagroup.com\/pt#website"},"datePublished":"2023-06-21T09:34:02+00:00","dateModified":"2023-12-05T11:15:20+00:00","breadcrumb":{"@id":"https:\/\/www.tibagroup.com\/pt\/politica-privacidade-formulario-contato-e-orcamentos#breadcrumb"},"inLanguage":"pt","potentialAction":[{"@type":"ReadAction","target":["https:\/\/www.tibagroup.com\/pt\/politica-privacidade-formulario-contato-e-orcamentos"]}]},{"@type":"BreadcrumbList","@id":"https:\/\/www.tibagroup.com\/pt\/politica-privacidade-formulario-contato-e-orcamentos#breadcrumb","itemListElement":[{"@type":"ListItem","position":1,"name":"In\u00edcio","item":"https:\/\/www.tibagroup.com\/pt\/transitarios-despachantes-aduaneiros-operador-logistico"},{"@type":"ListItem","position":2,"name":"Pol\u00edtica Privacidade Formulario Contato e Or\u00e7amentos"}]},{"@type":"WebSite","@id":"https:\/\/www.tibagroup.com\/pt#website","url":"https:\/\/www.tibagroup.com\/pt","name":"TIBA","description":"Log\u00edstica e transporte internacional.","publisher":{"@id":"https:\/\/www.tibagroup.com\/pt#organization"},"potentialAction":[{"@type":"SearchAction","target":{"@type":"EntryPoint","urlTemplate":"https:\/\/www.tibagroup.com\/pt?s={search_term_string}"},"query-input":{"@type":"PropertyValueSpecification","valueRequired":true,"valueName":"search_term_string"}}],"inLanguage":"pt"},{"@type":"Organization","@id":"https:\/\/www.tibagroup.com\/pt#organization","name":"TIBA","url":"https:\/\/www.tibagroup.com\/pt","logo":{"@type":"ImageObject","inLanguage":"pt","@id":"https:\/\/www.tibagroup.com\/pt#\/schema\/logo\/image\/","url":"https:\/\/www.tibagroup.com\/wp-content\/uploads\/2024\/02\/logo-web-TIBA.png","contentUrl":"https:\/\/www.tibagroup.com\/wp-content\/uploads\/2024\/02\/logo-web-TIBA.png","width":352,"height":116,"caption":"TIBA"},"image":{"@id":"https:\/\/www.tibagroup.com\/pt#\/schema\/logo\/image\/"}}]}},"_links":{"self":[{"href":"https:\/\/www.tibagroup.com\/pt\/wp-json\/wp\/v2\/pages\/22735","targetHints":{"allow":["GET"]}}],"collection":[{"href":"https:\/\/www.tibagroup.com\/pt\/wp-json\/wp\/v2\/pages"}],"about":[{"href":"https:\/\/www.tibagroup.com\/pt\/wp-json\/wp\/v2\/types\/page"}],"author":[{"embeddable":true,"href":"https:\/\/www.tibagroup.com\/pt\/wp-json\/wp\/v2\/users\/2"}],"replies":[{"embeddable":true,"href":"https:\/\/www.tibagroup.com\/pt\/wp-json\/wp\/v2\/comments?post=22735"}],"version-history":[{"count":1,"href":"https:\/\/www.tibagroup.com\/pt\/wp-json\/wp\/v2\/pages\/22735\/revisions"}],"predecessor-version":[{"id":73402,"href":"https:\/\/www.tibagroup.com\/pt\/wp-json\/wp\/v2\/pages\/22735\/revisions\/73402"}],"wp:attachment":[{"href":"https:\/\/www.tibagroup.com\/pt\/wp-json\/wp\/v2\/media?parent=22735"}],"curies":[{"name":"wp","href":"https:\/\/api.w.org\/{rel}","templated":true}]}}