{"id":204,"date":"2023-06-21T11:34:02","date_gmt":"2023-06-21T09:34:02","guid":{"rendered":"https:\/\/www.tibagroup.com\/politica-privacidad-blog\/"},"modified":"2025-03-26T12:47:36","modified_gmt":"2025-03-26T11:47:36","slug":"politica-privacidad-blog","status":"publish","type":"page","link":"https:\/\/www.tibagroup.com\/es\/politica-privacidad-blog","title":{"rendered":"Pol\u00edtica Privacidad Blog"},"content":{"rendered":"<h2>FORMULARIO BLOG<\/h2>\n<p>Sus datos ser\u00e1n tratados por TIBA, S.L. con el fin de gestionar su duda, cuesti\u00f3n o comentario realizado en el blog. Sus datos son tratados en base al consentimiento prestado mediante el env\u00edo de dicho formulario. Sus datos podr\u00e1n ser comunicados a las empresas del grupo para gestionar su solicitud, as\u00ed como en los supuestos previsto en la legislaci\u00f3n vigente. Los usuarios cuyos datos sean objeto de tratamiento podr\u00e1n ejercitar gratuitamente los derechos de acceso e informaci\u00f3n, rectificaci\u00f3n, portabilidad, supresi\u00f3n o, en su caso, oposici\u00f3n de sus datos, en los t\u00e9rminos especificados en el Reglamento General de Protecci\u00f3n de Datos de Car\u00e1cter Personal, conforme al procedimiento legalmente establecido. Estos derechos podr\u00e1n ser ejercidos dirigiendo comunicaci\u00f3n por escrito, debidamente firmada, acompa\u00f1ada de fotocopia del DNI, a TIBA, S.L., Calle Jos\u00e9 Aguirre, N\u00ba 40 de Valencia (46011) o a nuestro subdelegado de Protecci\u00f3n de Datos (<a href=\"mailto:dpo@tibagroup.com\" target=\"_blank\" rel=\"noopener\">dpo@tibagroup.com<\/a>). Los datos de los usuarios cuyos datos son tratados, podr\u00e1n ser conservados mientras que estos no ejerzan los derechos de supresi\u00f3n u oposici\u00f3n. Asimismo, en caso de considerar vulnerado su derecho a la protecci\u00f3n de datos personales, podr\u00e1 interponer una reclamaci\u00f3n ante la Agencia Espa\u00f1ola de Protecci\u00f3n de Datos (<a href=\"https:\/\/www.aepd.es\/\" target=\"_blank\" rel=\"noopener noreferrer nofollow\">www.agpd.es<\/a>).<\/p>\n","protected":false},"excerpt":{"rendered":"<p>FORMULARIO BLOG Sus datos ser\u00e1n tratados por TIBA, S.L. con el fin de gestionar su duda, cuesti\u00f3n o comentario realizado en el blog. Sus datos son tratados en base al consentimiento prestado mediante el env\u00edo de dicho formulario. Sus datos podr\u00e1n ser comunicados a las empresas del grupo para gestionar su solicitud, as\u00ed como en [&hellip;]<\/p>\n","protected":false},"author":2,"featured_media":0,"parent":0,"menu_order":0,"comment_status":"closed","ping_status":"closed","template":"","meta":{"footnotes":""},"class_list":["post-204","page","type-page","status-publish","hentry"],"yoast_head":"<!-- This site is optimized with the Yoast SEO plugin v27.5 - https:\/\/yoast.com\/product\/yoast-seo-wordpress\/ -->\n<title>Pol\u00edtica Privacidad Blog - TIBA<\/title>\n<meta name=\"description\" content=\"Env\u00ede su consulta a trav\u00e9s del formulario del blog. TIBA, S.L. tratar\u00e1 sus datos en base a su consentimiento y de conformidad con la ley\" \/>\n<meta name=\"robots\" content=\"noindex, nofollow\" \/>\n<meta property=\"og:locale\" content=\"es_ES\" \/>\n<meta property=\"og:type\" content=\"article\" \/>\n<meta property=\"og:title\" content=\"Pol\u00edtica Privacidad Blog - TIBA\" \/>\n<meta property=\"og:description\" content=\"Env\u00ede su consulta a trav\u00e9s del formulario del blog. TIBA, S.L. tratar\u00e1 sus datos en base a su consentimiento y de conformidad con la ley\" \/>\n<meta property=\"og:url\" content=\"https:\/\/www.tibagroup.com\/es\/politica-privacidad-blog\" \/>\n<meta property=\"og:site_name\" content=\"TIBA\" \/>\n<meta property=\"article:modified_time\" content=\"2025-03-26T11:47:36+00:00\" \/>\n<meta name=\"twitter:card\" content=\"summary_large_image\" \/>\n<meta name=\"twitter:label1\" content=\"Est. reading time\" \/>\n\t<meta name=\"twitter:data1\" content=\"1 minute\" \/>\n<!-- \/ Yoast SEO plugin. -->","yoast_head_json":{"title":"Pol\u00edtica Privacidad Blog - TIBA","description":"Env\u00ede su consulta a trav\u00e9s del formulario del blog. TIBA, S.L. tratar\u00e1 sus datos en base a su consentimiento y de conformidad con la ley","robots":{"index":"noindex","follow":"nofollow"},"og_locale":"es_ES","og_type":"article","og_title":"Pol\u00edtica Privacidad Blog - TIBA","og_description":"Env\u00ede su consulta a trav\u00e9s del formulario del blog. TIBA, S.L. tratar\u00e1 sus datos en base a su consentimiento y de conformidad con la ley","og_url":"https:\/\/www.tibagroup.com\/es\/politica-privacidad-blog","og_site_name":"TIBA","article_modified_time":"2025-03-26T11:47:36+00:00","twitter_card":"summary_large_image","twitter_misc":{"Est. reading time":"1 minute"},"schema":{"@context":"https:\/\/schema.org","@graph":[{"@type":"WebPage","@id":"https:\/\/www.tibagroup.com\/es\/politica-privacidad-blog","url":"https:\/\/www.tibagroup.com\/es\/politica-privacidad-blog","name":"Pol\u00edtica Privacidad Blog - TIBA","isPartOf":{"@id":"https:\/\/www.tibagroup.com\/es#website"},"datePublished":"2023-06-21T09:34:02+00:00","dateModified":"2025-03-26T11:47:36+00:00","description":"Env\u00ede su consulta a trav\u00e9s del formulario del blog. TIBA, S.L. tratar\u00e1 sus datos en base a su consentimiento y de conformidad con la ley","breadcrumb":{"@id":"https:\/\/www.tibagroup.com\/es\/politica-privacidad-blog#breadcrumb"},"inLanguage":"es","potentialAction":[{"@type":"ReadAction","target":["https:\/\/www.tibagroup.com\/es\/politica-privacidad-blog"]}]},{"@type":"BreadcrumbList","@id":"https:\/\/www.tibagroup.com\/es\/politica-privacidad-blog#breadcrumb","itemListElement":[{"@type":"ListItem","position":1,"name":"In\u00edcio","item":"https:\/\/www.tibagroup.com\/es\/agente-carga-operador-logistico"},{"@type":"ListItem","position":2,"name":"Pol\u00edtica Privacidad Blog"}]},{"@type":"WebSite","@id":"https:\/\/www.tibagroup.com\/es#website","url":"https:\/\/www.tibagroup.com\/es","name":"TIBA","description":"Log\u00edstica y transporte internacional.","publisher":{"@id":"https:\/\/www.tibagroup.com\/es#organization"},"potentialAction":[{"@type":"SearchAction","target":{"@type":"EntryPoint","urlTemplate":"https:\/\/www.tibagroup.com\/es?s={search_term_string}"},"query-input":{"@type":"PropertyValueSpecification","valueRequired":true,"valueName":"search_term_string"}}],"inLanguage":"es"},{"@type":"Organization","@id":"https:\/\/www.tibagroup.com\/es#organization","name":"TIBA","url":"https:\/\/www.tibagroup.com\/es","logo":{"@type":"ImageObject","inLanguage":"es","@id":"https:\/\/www.tibagroup.com\/es#\/schema\/logo\/image\/","url":"https:\/\/www.tibagroup.com\/wp-content\/uploads\/2024\/02\/logo-web-TIBA.png","contentUrl":"https:\/\/www.tibagroup.com\/wp-content\/uploads\/2024\/02\/logo-web-TIBA.png","width":352,"height":116,"caption":"TIBA"},"image":{"@id":"https:\/\/www.tibagroup.com\/es#\/schema\/logo\/image\/"}}]}},"_links":{"self":[{"href":"https:\/\/www.tibagroup.com\/es\/wp-json\/wp\/v2\/pages\/204","targetHints":{"allow":["GET"]}}],"collection":[{"href":"https:\/\/www.tibagroup.com\/es\/wp-json\/wp\/v2\/pages"}],"about":[{"href":"https:\/\/www.tibagroup.com\/es\/wp-json\/wp\/v2\/types\/page"}],"author":[{"embeddable":true,"href":"https:\/\/www.tibagroup.com\/es\/wp-json\/wp\/v2\/users\/2"}],"replies":[{"embeddable":true,"href":"https:\/\/www.tibagroup.com\/es\/wp-json\/wp\/v2\/comments?post=204"}],"version-history":[{"count":2,"href":"https:\/\/www.tibagroup.com\/es\/wp-json\/wp\/v2\/pages\/204\/revisions"}],"predecessor-version":[{"id":70721,"href":"https:\/\/www.tibagroup.com\/es\/wp-json\/wp\/v2\/pages\/204\/revisions\/70721"}],"wp:attachment":[{"href":"https:\/\/www.tibagroup.com\/es\/wp-json\/wp\/v2\/media?parent=204"}],"curies":[{"name":"wp","href":"https:\/\/api.w.org\/{rel}","templated":true}]}}