{"id":197,"date":"2023-06-21T11:34:02","date_gmt":"2023-06-21T09:34:02","guid":{"rendered":"https:\/\/www.tibagroup.com\/politica-privacidad-formulario-contacto-web\/"},"modified":"2025-05-13T13:33:34","modified_gmt":"2025-05-13T11:33:34","slug":"politica-privacidad-formulario-contacto-web","status":"publish","type":"page","link":"https:\/\/www.tibagroup.com\/es\/politica-privacidad-formulario-contacto-web","title":{"rendered":"Pol\u00edtica de Privacidad Contacto Web"},"content":{"rendered":"<h2>FORMULARIO CONTACTO WEB Y PRESUPUESTOS<\/h2>\n<p>Sus datos ser\u00e1n tratados por TIBA, S.L.U. con el fin de gestionar su duda, cuesti\u00f3n o solicitud de presupuesto y, poderle remitir informaci\u00f3n de su inter\u00e9s a trav\u00e9s de comunicaciones comerciales. Sus datos son tratados en base al consentimiento prestado mediante el env\u00edo de dicho formulario. Sus datos podr\u00e1n ser comunicados a una empresa situada fuera del \u00e1mbito de la Uni\u00f3n Europea, para almacenar dichos datos, en cuyo caso, ser\u00e1n objeto de una transferencia internacional de datos a un pa\u00eds cuyo nivel de protecci\u00f3n no es el equiparable al \u00e1mbito de la Uni\u00f3n Europea. Adem\u00e1s, podr\u00e1n ser cedidos a otras empresas del grupo para gestionar su solicitud y, poderle remitir peri\u00f3dicamente informaci\u00f3n de su inter\u00e9s mediante comunicaciones comerciales electr\u00f3nicas siempre que lo autorice mediante la casilla establecida al efecto. Los usuarios cuyos datos sean objeto de tratamiento podr\u00e1n ejercitar gratuitamente los derechos de acceso e informaci\u00f3n, rectificaci\u00f3n, portabilidad, supresi\u00f3n o, en su caso, oposici\u00f3n de sus datos, en los t\u00e9rminos especificados en el Reglamento General de Protecci\u00f3n de Datos de Car\u00e1cter Personal, conforme al procedimiento legalmente establecido. Estos derechos podr\u00e1n ser ejercidos dirigiendo comunicaci\u00f3n por escrito, debidamente firmada, acompa\u00f1ada de fotocopia del DNI, a TIBA, S.L.U., Calle Jos\u00e9 Aguirre, N\u00ba 40 de Valencia (46011). Si tiene alguna pregunta sobre esta Pol\u00edtica de Privacidad, puede ponerse en contacto con nuestro Delegado de Protecci\u00f3n de Datos enviando un email a <a href=\"mailto:dpo@tibagroup.com\" target=\"_blank\" rel=\"noopener noreferrer\">dpo@tibagroup.com<\/a>. Los datos de los usuarios cuyos datos son tratados, podr\u00e1n ser conservados mientras que estos no ejerzan los derechos de supresi\u00f3n u oposici\u00f3n. Asimismo, en caso de considerar vulnerado su derecho a la protecci\u00f3n de datos personales, podr\u00e1 interponer una reclamaci\u00f3n ante la Agencia Espa\u00f1ola de Protecci\u00f3n de Datos (<a href=\"https:\/\/www.aepd.es\/\" target=\"_blank\" rel=\"noopener noreferrer nofollow\">www.agpd.es<\/a>).<\/p>\n","protected":false},"excerpt":{"rendered":"<p>FORMULARIO CONTACTO WEB Y PRESUPUESTOS Sus datos ser\u00e1n tratados por TIBA, S.L.U. con el fin de gestionar su duda, cuesti\u00f3n o solicitud de presupuesto y, poderle remitir informaci\u00f3n de su inter\u00e9s a trav\u00e9s de comunicaciones comerciales. Sus datos son tratados en base al consentimiento prestado mediante el env\u00edo de dicho formulario. Sus datos podr\u00e1n ser [&hellip;]<\/p>\n","protected":false},"author":2,"featured_media":0,"parent":0,"menu_order":0,"comment_status":"closed","ping_status":"closed","template":"","meta":{"footnotes":""},"class_list":["post-197","page","type-page","status-publish","hentry"],"yoast_head":"<!-- This site is optimized with the Yoast SEO plugin v27.5 - https:\/\/yoast.com\/product\/yoast-seo-wordpress\/ -->\n<title>Pol\u00edtica de Privacidad Contacto Web - TIBA<\/title>\n<meta name=\"robots\" content=\"noindex, nofollow\" \/>\n<meta property=\"og:locale\" content=\"es_ES\" \/>\n<meta property=\"og:type\" content=\"article\" \/>\n<meta property=\"og:title\" content=\"Pol\u00edtica de Privacidad Contacto Web - TIBA\" \/>\n<meta property=\"og:description\" content=\"FORMULARIO CONTACTO WEB Y PRESUPUESTOS Sus datos ser\u00e1n tratados por TIBA, S.L.U. con el fin de gestionar su duda, cuesti\u00f3n o solicitud de presupuesto y, poderle remitir informaci\u00f3n de su inter\u00e9s a trav\u00e9s de comunicaciones comerciales. Sus datos son tratados en base al consentimiento prestado mediante el env\u00edo de dicho formulario. Sus datos podr\u00e1n ser [&hellip;]\" \/>\n<meta property=\"og:url\" content=\"https:\/\/www.tibagroup.com\/es\/politica-privacidad-formulario-contacto-web\" \/>\n<meta property=\"og:site_name\" content=\"TIBA\" \/>\n<meta property=\"article:modified_time\" content=\"2025-05-13T11:33:34+00:00\" \/>\n<meta name=\"twitter:card\" content=\"summary_large_image\" \/>\n<meta name=\"twitter:label1\" content=\"Est. reading time\" \/>\n\t<meta name=\"twitter:data1\" content=\"2 minutes\" \/>\n<!-- \/ Yoast SEO plugin. -->","yoast_head_json":{"title":"Pol\u00edtica de Privacidad Contacto Web - TIBA","robots":{"index":"noindex","follow":"nofollow"},"og_locale":"es_ES","og_type":"article","og_title":"Pol\u00edtica de Privacidad Contacto Web - TIBA","og_description":"FORMULARIO CONTACTO WEB Y PRESUPUESTOS Sus datos ser\u00e1n tratados por TIBA, S.L.U. con el fin de gestionar su duda, cuesti\u00f3n o solicitud de presupuesto y, poderle remitir informaci\u00f3n de su inter\u00e9s a trav\u00e9s de comunicaciones comerciales. Sus datos son tratados en base al consentimiento prestado mediante el env\u00edo de dicho formulario. Sus datos podr\u00e1n ser [&hellip;]","og_url":"https:\/\/www.tibagroup.com\/es\/politica-privacidad-formulario-contacto-web","og_site_name":"TIBA","article_modified_time":"2025-05-13T11:33:34+00:00","twitter_card":"summary_large_image","twitter_misc":{"Est. reading time":"2 minutes"},"schema":{"@context":"https:\/\/schema.org","@graph":[{"@type":"WebPage","@id":"https:\/\/www.tibagroup.com\/es\/politica-privacidad-formulario-contacto-web","url":"https:\/\/www.tibagroup.com\/es\/politica-privacidad-formulario-contacto-web","name":"Pol\u00edtica de Privacidad Contacto Web - TIBA","isPartOf":{"@id":"https:\/\/www.tibagroup.com\/es#website"},"datePublished":"2023-06-21T09:34:02+00:00","dateModified":"2025-05-13T11:33:34+00:00","breadcrumb":{"@id":"https:\/\/www.tibagroup.com\/es\/politica-privacidad-formulario-contacto-web#breadcrumb"},"inLanguage":"es","potentialAction":[{"@type":"ReadAction","target":["https:\/\/www.tibagroup.com\/es\/politica-privacidad-formulario-contacto-web"]}]},{"@type":"BreadcrumbList","@id":"https:\/\/www.tibagroup.com\/es\/politica-privacidad-formulario-contacto-web#breadcrumb","itemListElement":[{"@type":"ListItem","position":1,"name":"In\u00edcio","item":"https:\/\/www.tibagroup.com\/es\/agente-carga-operador-logistico"},{"@type":"ListItem","position":2,"name":"Pol\u00edtica de Privacidad Contacto Web"}]},{"@type":"WebSite","@id":"https:\/\/www.tibagroup.com\/es#website","url":"https:\/\/www.tibagroup.com\/es","name":"TIBA","description":"Log\u00edstica y transporte internacional.","publisher":{"@id":"https:\/\/www.tibagroup.com\/es#organization"},"potentialAction":[{"@type":"SearchAction","target":{"@type":"EntryPoint","urlTemplate":"https:\/\/www.tibagroup.com\/es?s={search_term_string}"},"query-input":{"@type":"PropertyValueSpecification","valueRequired":true,"valueName":"search_term_string"}}],"inLanguage":"es"},{"@type":"Organization","@id":"https:\/\/www.tibagroup.com\/es#organization","name":"TIBA","url":"https:\/\/www.tibagroup.com\/es","logo":{"@type":"ImageObject","inLanguage":"es","@id":"https:\/\/www.tibagroup.com\/es#\/schema\/logo\/image\/","url":"https:\/\/www.tibagroup.com\/wp-content\/uploads\/2024\/02\/logo-web-TIBA.png","contentUrl":"https:\/\/www.tibagroup.com\/wp-content\/uploads\/2024\/02\/logo-web-TIBA.png","width":352,"height":116,"caption":"TIBA"},"image":{"@id":"https:\/\/www.tibagroup.com\/es#\/schema\/logo\/image\/"}}]}},"_links":{"self":[{"href":"https:\/\/www.tibagroup.com\/es\/wp-json\/wp\/v2\/pages\/197","targetHints":{"allow":["GET"]}}],"collection":[{"href":"https:\/\/www.tibagroup.com\/es\/wp-json\/wp\/v2\/pages"}],"about":[{"href":"https:\/\/www.tibagroup.com\/es\/wp-json\/wp\/v2\/types\/page"}],"author":[{"embeddable":true,"href":"https:\/\/www.tibagroup.com\/es\/wp-json\/wp\/v2\/users\/2"}],"replies":[{"embeddable":true,"href":"https:\/\/www.tibagroup.com\/es\/wp-json\/wp\/v2\/comments?post=197"}],"version-history":[{"count":2,"href":"https:\/\/www.tibagroup.com\/es\/wp-json\/wp\/v2\/pages\/197\/revisions"}],"predecessor-version":[{"id":73404,"href":"https:\/\/www.tibagroup.com\/es\/wp-json\/wp\/v2\/pages\/197\/revisions\/73404"}],"wp:attachment":[{"href":"https:\/\/www.tibagroup.com\/es\/wp-json\/wp\/v2\/media?parent=197"}],"curies":[{"name":"wp","href":"https:\/\/api.w.org\/{rel}","templated":true}]}}